{"id":1229,"date":"2025-06-22T19:24:59","date_gmt":"2025-06-22T17:24:59","guid":{"rendered":"https:\/\/location-montreuil.fr\/ueber-mich\/"},"modified":"2026-04-06T14:19:55","modified_gmt":"2026-04-06T12:19:55","slug":"ueber-mich","status":"publish","type":"page","link":"https:\/\/location-montreuil.fr\/de\/ueber-mich\/","title":{"rendered":"\u00dcber mich"},"content":{"rendered":"\n<p>Ich bin begeistert von Montreuil, seinen lebendigen Vierteln, seinen geheimen Ecken und seiner einzigartigen Atmosph\u00e4re. Seit mehreren Jahren biete ich dort m\u00f6blierte Ferienwohnungen an, die darauf ausgelegt sind, dass Sie sich sofort wie zu Hause f\u00fchlen.<\/p>\n\n<p>Jede Wohnung ist sorgf\u00e4ltig ausgestattet, einfach eingerichtet und befindet sich in praktischen Gegenden zum Besuchen, Arbeiten oder Entspannen. Ob Sie f\u00fcr ein Wochenende, eine Woche oder l\u00e4nger kommen, ich sorge daf\u00fcr, dass alles f\u00fcr einen angenehmen, selbstst\u00e4ndigen und \u00fcberraschungsfreien Aufenthalt bereit ist.<\/p>\n\n<p>Hier gibt es keine Anonymit\u00e4t: Ich bin Ihr direkter Ansprechpartner vor Ort und bei Bedarf verf\u00fcgbar. Willkommen in Montreuil!<\/p>\n","protected":false},"excerpt":{"rendered":"<p>Ich bin begeistert von Montreuil, seinen lebendigen Vierteln, seinen geheimen Ecken und seiner einzigartigen Atmosph\u00e4re. Seit mehreren Jahren biete ich dort m\u00f6blierte Ferienwohnungen an, die darauf ausgelegt sind, dass Sie sich sofort wie zu Hause f\u00fchlen. Jede Wohnung ist sorgf\u00e4ltig ausgestattet, einfach eingerichtet und befindet sich in praktischen Gegenden zum Besuchen, Arbeiten oder Entspannen. Ob<\/p>\n<div class=\"more-link\">\n             <a href=\"https:\/\/location-montreuil.fr\/de\/ueber-mich\/\" class=\"theme-btn\"><span>Weiterlesen <\/span><i class=\"bi bi-arrow-right\"><\/i><\/a>\n        <\/div>\n","protected":false},"author":1,"featured_media":0,"parent":0,"menu_order":0,"comment_status":"closed","ping_status":"closed","template":"","meta":{"_acf_changed":false,"footnotes":""},"class_list":["post-1229","page","type-page","status-publish","hentry"],"acf":[],"_links":{"self":[{"href":"https:\/\/location-montreuil.fr\/de\/wp-json\/wp\/v2\/pages\/1229","targetHints":{"allow":["GET"]}}],"collection":[{"href":"https:\/\/location-montreuil.fr\/de\/wp-json\/wp\/v2\/pages"}],"about":[{"href":"https:\/\/location-montreuil.fr\/de\/wp-json\/wp\/v2\/types\/page"}],"author":[{"embeddable":true,"href":"https:\/\/location-montreuil.fr\/de\/wp-json\/wp\/v2\/users\/1"}],"replies":[{"embeddable":true,"href":"https:\/\/location-montreuil.fr\/de\/wp-json\/wp\/v2\/comments?post=1229"}],"version-history":[{"count":1,"href":"https:\/\/location-montreuil.fr\/de\/wp-json\/wp\/v2\/pages\/1229\/revisions"}],"predecessor-version":[{"id":1230,"href":"https:\/\/location-montreuil.fr\/de\/wp-json\/wp\/v2\/pages\/1229\/revisions\/1230"}],"wp:attachment":[{"href":"https:\/\/location-montreuil.fr\/de\/wp-json\/wp\/v2\/media?parent=1229"}],"curies":[{"name":"wp","href":"https:\/\/api.w.org\/{rel}","templated":true}]}}