{"id":1331,"date":"2025-08-17T19:44:07","date_gmt":"2025-08-17T17:44:07","guid":{"rendered":"https:\/\/location-montreuil.fr\/produit\/sanftes-aperitif-paket-geschmack-ohne-kompromisse\/"},"modified":"2025-08-17T19:44:07","modified_gmt":"2025-08-17T17:44:07","slug":"sanftes-aperitif-paket-geschmack-ohne-kompromisse","status":"publish","type":"product","link":"https:\/\/location-montreuil.fr\/de\/produit\/sanftes-aperitif-paket-geschmack-ohne-kompromisse\/","title":{"rendered":"Sanftes Aperitif-Paket \u2013 Geschmack ohne Kompromisse"},"content":{"rendered":"<p data-start=\"367\" data-end=\"623\"><strong data-start=\"367\" data-end=\"404\">Ein genussvoller und geselliger Aperitif<\/strong>, alkoholfrei und fleischlos, den Sie bei Ihrer Ankunft oder w\u00e4hrend Ihres Aufenthalts genie\u00dfen k\u00f6nnen \ud83c\udfe1.<br data-start=\"490\" data-end=\"493\">Dieses Paket ist so konzipiert, dass es sowohl Erwachsenen als auch Kindern gef\u00e4llt, mit einfachen, schmackhaften und leicht zu teilenden Produkten.<\/p>\n<p data-start=\"625\" data-end=\"651\">\ud83e\udd57 <strong data-start=\"628\" data-end=\"647\">Inhalt des Pakets<\/strong>:<\/p>\n<ul data-start=\"652\" data-end=\"935\">\n<li data-start=\"652\" data-end=\"722\">\n<p data-start=\"654\" data-end=\"722\">\ud83e\udd64 1 Flasche <strong data-start=\"672\" data-end=\"698\">handgemachter Apfelsaft<\/strong> oder <strong data-start=\"702\" data-end=\"720\">Bio-Zitronenlimonade<\/strong><\/p>\n<\/li>\n<li data-start=\"723\" data-end=\"799\">\n<p data-start=\"725\" data-end=\"799\">\ud83e\udd52 1 Dose <strong data-start=\"739\" data-end=\"765\">vegetarischer Aufstrich<\/strong> (Hummus oder Auberginenkaviar)<\/p>\n<\/li>\n<li data-start=\"800\" data-end=\"856\">\n<p data-start=\"802\" data-end=\"856\">\ud83e\udd68 1 Packung <strong data-start=\"817\" data-end=\"835\">Salzcracker<\/strong> oder <strong data-start=\"839\" data-end=\"854\">Mini-Toasts<\/strong><\/p>\n<\/li>\n<li data-start=\"857\" data-end=\"900\">\n<p data-start=\"859\" data-end=\"900\">\ud83c\udf5f 1 Beutel <strong data-start=\"874\" data-end=\"898\">knusprige Chips<\/strong><\/p>\n<\/li>\n<li data-start=\"901\" data-end=\"935\">\n<p data-start=\"903\" data-end=\"935\">\ud83e\uded2 1 Glas <strong data-start=\"916\" data-end=\"933\">gr\u00fcne Oliven<\/strong><\/p>\n<\/li>\n<\/ul>\n<p data-start=\"937\" data-end=\"972\">\ud83d\udc9a <strong data-start=\"940\" data-end=\"970\">Warum dieses Paket w\u00e4hlen?<\/strong><\/p>\n<ul data-start=\"973\" data-end=\"1136\">\n<li data-start=\"973\" data-end=\"1012\">\n<p data-start=\"975\" data-end=\"1012\">100% <strong data-start=\"980\" data-end=\"1010\">alkoholfrei und fleischlos<\/strong><\/p>\n<\/li>\n<li data-start=\"1013\" data-end=\"1049\">\n<p data-start=\"1015\" data-end=\"1049\">F\u00fcr <strong>Kinder<\/strong> geeignet \ud83d\udc68\u200d\ud83d\udc69\u200d\ud83d\udc67\u200d\ud83d\udc66<\/p>\n<\/li>\n<li data-start=\"1050\" data-end=\"1090\">\n<p data-start=\"1052\" data-end=\"1090\">Einfach, <strong>schmackhaft<\/strong> und bereit zum <strong>Genie\u00dfen<\/strong><\/p>\n<\/li>\n<li data-start=\"1091\" data-end=\"1136\">\n<p data-start=\"1093\" data-end=\"1136\">Ideal f\u00fcr einen leichten und geselligen Aperitif<\/p>\n<\/li>\n<\/ul>\n<p data-start=\"1138\" data-end=\"1218\">Ein garantierter Moment der <strong>Entspannung<\/strong>, mit Geschm\u00e4ckern, die alle zusammenbringen \u2728.<\/p>\n<p data-start=\"1024\" data-end=\"1125\">\ud83d\udc49 Begrenzte Menge \u2013 bitte <strong data-start=\"1064\" data-end=\"1091\">mindestens 24 Stunden im Voraus<\/strong> reservieren, um die Verf\u00fcgbarkeit zu gew\u00e4hrleisten.<\/p>\n<p data-start=\"1024\" data-end=\"1125\"><a href=\"https:\/\/wa.me\/33659597295?text=Bonjour,%20je%20souhaite%20une%20commande%20sp%C3%A9ciale\">F\u00fcr <strong>Last-Minute-Anfragen<\/strong> kontaktieren Sie uns bitte per <strong>Telefon\/WhatsApp<\/strong>, bevor Sie bestellen, klicken Sie hier<\/a><\/p>\n","protected":false},"excerpt":{"rendered":"<p>Ein genussvoller und geselliger Aperitif, alkoholfrei und fleischlos, den Sie bei Ihrer Ankunft oder w\u00e4hrend Ihres Aufenthalts genie\u00dfen k\u00f6nnen \ud83c\udfe1.Dieses Paket ist so konzipiert, dass es sowohl Erwachsenen als auch Kindern gef\u00e4llt, mit einfachen, schmackhaften und leicht zu teilenden Produkten. \ud83e\udd57 Inhalt des Pakets: \ud83e\udd64 1 Flasche handgemachter Apfelsaft oder Bio-Zitronenlimonade \ud83e\udd52 1 Dose vegetarischer<\/p>\n<div class=\"more-link\">\n             <a href=\"https:\/\/location-montreuil.fr\/de\/produit\/sanftes-aperitif-paket-geschmack-ohne-kompromisse\/\" class=\"theme-btn\"><span>Weiterlesen <\/span><i class=\"bi bi-arrow-right\"><\/i><\/a>\n        <\/div>\n","protected":false},"featured_media":131,"comment_status":"open","ping_status":"closed","template":"","meta":{"_acf_changed":false},"product_brand":[],"product_cat":[43],"product_tag":[],"class_list":{"0":"post-1331","1":"product","2":"type-product","3":"status-publish","4":"has-post-thumbnail","6":"product_cat-zum-geniesen","8":"first","9":"instock","10":"taxable","11":"shipping-taxable","12":"purchasable","13":"product-type-simple"},"acf":[],"_links":{"self":[{"href":"https:\/\/location-montreuil.fr\/de\/wp-json\/wp\/v2\/product\/1331","targetHints":{"allow":["GET"]}}],"collection":[{"href":"https:\/\/location-montreuil.fr\/de\/wp-json\/wp\/v2\/product"}],"about":[{"href":"https:\/\/location-montreuil.fr\/de\/wp-json\/wp\/v2\/types\/product"}],"replies":[{"embeddable":true,"href":"https:\/\/location-montreuil.fr\/de\/wp-json\/wp\/v2\/comments?post=1331"}],"wp:featuredmedia":[{"embeddable":true,"href":"https:\/\/location-montreuil.fr\/de\/wp-json\/wp\/v2\/media\/131"}],"wp:attachment":[{"href":"https:\/\/location-montreuil.fr\/de\/wp-json\/wp\/v2\/media?parent=1331"}],"wp:term":[{"taxonomy":"product_brand","embeddable":true,"href":"https:\/\/location-montreuil.fr\/de\/wp-json\/wp\/v2\/product_brand?post=1331"},{"taxonomy":"product_cat","embeddable":true,"href":"https:\/\/location-montreuil.fr\/de\/wp-json\/wp\/v2\/product_cat?post=1331"},{"taxonomy":"product_tag","embeddable":true,"href":"https:\/\/location-montreuil.fr\/de\/wp-json\/wp\/v2\/product_tag?post=1331"}],"curies":[{"name":"wp","href":"https:\/\/api.w.org\/{rel}","templated":true}]}}