{"id":1335,"date":"2025-08-17T18:04:53","date_gmt":"2025-08-17T16:04:53","guid":{"rendered":"https:\/\/location-montreuil.fr\/produit\/franzoesisches-apero-paket-entspannung-auf-franzoesische-art\/"},"modified":"2025-08-17T18:04:53","modified_gmt":"2025-08-17T16:04:53","slug":"franzoesisches-apero-paket-entspannung-auf-franzoesische-art","status":"publish","type":"product","link":"https:\/\/location-montreuil.fr\/de\/produit\/franzoesisches-apero-paket-entspannung-auf-franzoesische-art\/","title":{"rendered":"Franz\u00f6sisches Ap\u00e9ro-Paket \u2013 Entspannung auf franz\u00f6sische Art"},"content":{"rendered":"<p>G\u00f6nnen Sie sich einen geselligen und genussvollen Moment mit unserem <strong data-start=\"437\" data-end=\"460\">Franz\u00f6sischen Ap\u00e9ro-Paket<\/strong>.<br data-start=\"461\" data-end=\"464\">Perfekt f\u00fcr den Beginn Ihres Aufenthalts oder f\u00fcr einen entspannten Moment zwischendurch vereint dieses Paket das Wesentliche eines typisch franz\u00f6sischen Aperitifs:<\/p>\n<ul>\n<li>\ud83c\udf77 <strong data-start=\"608\" data-end=\"645\">1 Flasche Baron de Lestac<\/strong> \u2013 Bordeaux-Rotwein<\/li>\n<li>\ud83e\udd56 <strong data-start=\"677\" data-end=\"709\">1 traditionelle Salami<\/strong><\/li>\n<li>\ud83c\udf5f <strong data-start=\"717\" data-end=\"753\">1 Packung knusprige Chips<\/strong><\/li>\n<li>\ud83e\uddc0 <strong data-start=\"761\" data-end=\"798\">1 Packung TUC oder Salzcracker<\/strong><\/li>\n<\/ul>\n<p data-start=\"802\" data-end=\"1022\">Direkt <strong data-start=\"825\" data-end=\"857\">bei der Ankunft in der Unterkunft<\/strong> verf\u00fcgbar oder <strong data-start=\"867\" data-end=\"900\">auf Anfrage w\u00e4hrend des Aufenthalts<\/strong> geliefert: Dieses Paket erm\u00f6glicht es Ihnen, die Einfachheit und Authentizit\u00e4t eines franz\u00f6sischen Ap\u00e9ros zu genie\u00dfen, ohne das Haus verlassen zu m\u00fcssen.<\/p>\n<p data-start=\"802\" data-end=\"1022\">\ud83d\udc49 Begrenzte St\u00fcckzahl \u2013 denken Sie daran, <strong data-start=\"1064\" data-end=\"1091\">mindestens 24 Std. im Voraus<\/strong> zu reservieren, um die Verf\u00fcgbarkeit zu garantieren.<\/p>\n<p data-start=\"1024\" data-end=\"1125\"><a href=\"https:\/\/wa.me\/33659597295?text=Bonjour,%20je%20souhaite%20une%20commande%20sp%C3%A9ciale\">F\u00fcr eine <strong>kurzfristige Anfrage<\/strong> kontaktieren Sie uns bitte vor der Bestellung per <strong>Telefon\/WhatsApp<\/strong><\/a><\/p>\n","protected":false},"excerpt":{"rendered":"<p>Franz\u00f6sisches Ap\u00e9ro-Paket \u2013 Eine Flasche Bordeaux, Salami, knusprige Chips und Salzcracker. Das einfache und authentische Vergn\u00fcgen eines franz\u00f6sischen Aperitifs, bereit zum Genie\u00dfen direkt bei Ihrer Ankunft.<\/p>\n","protected":false},"featured_media":126,"comment_status":"open","ping_status":"closed","template":"","meta":{"_acf_changed":false},"product_brand":[],"product_cat":[43],"product_tag":[],"class_list":{"0":"post-1335","1":"product","2":"type-product","3":"status-publish","4":"has-post-thumbnail","6":"product_cat-zum-geniesen","8":"first","9":"instock","10":"taxable","11":"shipping-taxable","12":"purchasable","13":"product-type-simple"},"acf":[],"_links":{"self":[{"href":"https:\/\/location-montreuil.fr\/de\/wp-json\/wp\/v2\/product\/1335","targetHints":{"allow":["GET"]}}],"collection":[{"href":"https:\/\/location-montreuil.fr\/de\/wp-json\/wp\/v2\/product"}],"about":[{"href":"https:\/\/location-montreuil.fr\/de\/wp-json\/wp\/v2\/types\/product"}],"replies":[{"embeddable":true,"href":"https:\/\/location-montreuil.fr\/de\/wp-json\/wp\/v2\/comments?post=1335"}],"wp:featuredmedia":[{"embeddable":true,"href":"https:\/\/location-montreuil.fr\/de\/wp-json\/wp\/v2\/media\/126"}],"wp:attachment":[{"href":"https:\/\/location-montreuil.fr\/de\/wp-json\/wp\/v2\/media?parent=1335"}],"wp:term":[{"taxonomy":"product_brand","embeddable":true,"href":"https:\/\/location-montreuil.fr\/de\/wp-json\/wp\/v2\/product_brand?post=1335"},{"taxonomy":"product_cat","embeddable":true,"href":"https:\/\/location-montreuil.fr\/de\/wp-json\/wp\/v2\/product_cat?post=1335"},{"taxonomy":"product_tag","embeddable":true,"href":"https:\/\/location-montreuil.fr\/de\/wp-json\/wp\/v2\/product_tag?post=1335"}],"curies":[{"name":"wp","href":"https:\/\/api.w.org\/{rel}","templated":true}]}}