{"id":1347,"date":"2025-11-11T18:51:24","date_gmt":"2025-11-11T17:51:24","guid":{"rendered":"https:\/\/location-montreuil.fr\/produit\/romantik-paket-eleganz-sanftheit\/"},"modified":"2025-11-11T18:51:24","modified_gmt":"2025-11-11T17:51:24","slug":"romantik-paket-eleganz-sanftheit","status":"publish","type":"product","link":"https:\/\/location-montreuil.fr\/de\/produit\/romantik-paket-eleganz-sanftheit\/","title":{"rendered":"Romantik-Paket \u2013 Eleganz &amp; Sanftheit"},"content":{"rendered":"<p data-start=\"179\" data-end=\"369\">Eine intime und raffinierte Auszeit, zu zweit zu genie\u00dfen \ud83d\udc9e<br data-start=\"234\" data-end=\"237\">Ideal, um einen Anlass zu feiern, Ihre bessere H\u00e4lfte zu \u00fcberraschen oder einfach einen warmen und vertrauten Moment w\u00e4hrend Ihres Aufenthalts zu schaffen.<\/p>\n<p data-start=\"371\" data-end=\"500\">\u2728 Dieses Paket vereint einfache, aber unvergessliche Aufmerksamkeiten, um eine sanfte, warme und zarte Atmosph\u00e4re zu schaffen.<\/p>\n<h3 data-start=\"507\" data-end=\"535\">\ud83d\udc9d <strong data-start=\"514\" data-end=\"535\">Inhalt des Pakets:<\/strong><\/h3>\n<p data-start=\"537\" data-end=\"671\">\ud83c\udf7e 1 Flasche <strong data-start=\"555\" data-end=\"573\">Brut-Champagner<\/strong><br data-start=\"573\" data-end=\"576\">\ud83c\udf6b 1 <strong data-start=\"581\" data-end=\"610\">Schachtel erlesener Pralinen<\/strong><br data-start=\"610\" data-end=\"613\">\ud83d\udc86\u200d\u2640\ufe0f 1 <strong data-start=\"621\" data-end=\"654\">Massage\u00f6l mit leichtem Duft<\/strong> (Entspannungsgr\u00f6\u00dfe)<\/p>\n<h3 data-start=\"678\" data-end=\"715\">\u2764\ufe0f <strong data-start=\"685\" data-end=\"715\">Warum dieses Paket w\u00e4hlen?<\/strong><\/h3>\n<ul data-start=\"717\" data-end=\"942\">\n<li data-start=\"717\" data-end=\"773\">\n<p data-start=\"719\" data-end=\"773\">Verwandelt den Abend sofort in einen intimen Moment<\/p>\n<\/li>\n<li data-start=\"774\" data-end=\"810\">\n<p data-start=\"776\" data-end=\"810\">Einfach, elegant, bereit zum Genie\u00dfen<\/p>\n<\/li>\n<li data-start=\"811\" data-end=\"855\">\n<p data-start=\"813\" data-end=\"855\">Schafft eine sanfte und warme Atmosph\u00e4re<\/p>\n<\/li>\n<li data-start=\"856\" data-end=\"942\">\n<p data-start=\"858\" data-end=\"942\">Perfekt f\u00fcr eine \u00dcberraschung, einen Geburtstag, einen Antrag oder einfach nur&#8230; zum Vergn\u00fcgen \u2728<\/p>\n<\/li>\n<\/ul>\n<p data-start=\"949\" data-end=\"1048\">\ud83d\udc49 <strong data-start=\"952\" data-end=\"972\">Begrenzte Menge<\/strong> \u2013 bitte mindestens 24 Stunden im Voraus reservieren, um die Verf\u00fcgbarkeit zu gew\u00e4hrleisten.<\/p>\n","protected":false},"excerpt":{"rendered":"<p>Eine intime und raffinierte Auszeit, zu zweit zu genie\u00dfen \ud83d\udc9eIdeal, um einen Anlass zu feiern, Ihre bessere H\u00e4lfte zu \u00fcberraschen oder einfach einen warmen und vertrauten Moment w\u00e4hrend Ihres Aufenthalts zu schaffen. \u2728 Dieses Paket vereint einfache, aber unvergessliche Aufmerksamkeiten, um eine sanfte, warme und zarte Atmosph\u00e4re zu schaffen. \ud83d\udc9d Inhalt des Pakets: \ud83c\udf7e 1<\/p>\n<div class=\"more-link\">\n             <a href=\"https:\/\/location-montreuil.fr\/de\/produit\/romantik-paket-eleganz-sanftheit\/\" class=\"theme-btn\"><span>Weiterlesen <\/span><i class=\"bi bi-arrow-right\"><\/i><\/a>\n        <\/div>\n","protected":false},"featured_media":897,"comment_status":"open","ping_status":"closed","template":"","meta":{"_acf_changed":false},"product_brand":[],"product_cat":[43],"product_tag":[],"class_list":{"0":"post-1347","1":"product","2":"type-product","3":"status-publish","4":"has-post-thumbnail","6":"product_cat-zum-geniesen","8":"first","9":"instock","10":"taxable","11":"shipping-taxable","12":"purchasable","13":"product-type-simple"},"acf":[],"_links":{"self":[{"href":"https:\/\/location-montreuil.fr\/de\/wp-json\/wp\/v2\/product\/1347","targetHints":{"allow":["GET"]}}],"collection":[{"href":"https:\/\/location-montreuil.fr\/de\/wp-json\/wp\/v2\/product"}],"about":[{"href":"https:\/\/location-montreuil.fr\/de\/wp-json\/wp\/v2\/types\/product"}],"replies":[{"embeddable":true,"href":"https:\/\/location-montreuil.fr\/de\/wp-json\/wp\/v2\/comments?post=1347"}],"wp:featuredmedia":[{"embeddable":true,"href":"https:\/\/location-montreuil.fr\/de\/wp-json\/wp\/v2\/media\/897"}],"wp:attachment":[{"href":"https:\/\/location-montreuil.fr\/de\/wp-json\/wp\/v2\/media?parent=1347"}],"wp:term":[{"taxonomy":"product_brand","embeddable":true,"href":"https:\/\/location-montreuil.fr\/de\/wp-json\/wp\/v2\/product_brand?post=1347"},{"taxonomy":"product_cat","embeddable":true,"href":"https:\/\/location-montreuil.fr\/de\/wp-json\/wp\/v2\/product_cat?post=1347"},{"taxonomy":"product_tag","embeddable":true,"href":"https:\/\/location-montreuil.fr\/de\/wp-json\/wp\/v2\/product_tag?post=1347"}],"curies":[{"name":"wp","href":"https:\/\/api.w.org\/{rel}","templated":true}]}}