{"id":1369,"date":"2025-08-17T13:37:55","date_gmt":"2025-08-17T11:37:55","guid":{"rendered":"https:\/\/location-montreuil.fr\/produit\/frueher-check-in-geniessen-sie-ihren-aufenthalt-ab-14-uhr\/"},"modified":"2025-08-17T13:37:55","modified_gmt":"2025-08-17T11:37:55","slug":"frueher-check-in-geniessen-sie-ihren-aufenthalt-ab-14-uhr","status":"publish","type":"product","link":"https:\/\/location-montreuil.fr\/de\/produit\/frueher-check-in-geniessen-sie-ihren-aufenthalt-ab-14-uhr\/","title":{"rendered":"Fr\u00fcher Check-in \u2013 Genie\u00dfen Sie Ihren Aufenthalt ab 14 Uhr!"},"content":{"rendered":"<p>Genie\u00dfen Sie Ihren Aufenthalt in vollen Z\u00fcgen dank unserer Option f\u00fcr einen fr\u00fchen Check-in. Anstatt auf die \u00fcbliche Check-in-Zeit zu warten, haben Sie ab 14 Uhr Zugang zu Ihrer Unterkunft.<br \/>\nPerfekt f\u00fcr Reisende, die sich in Ruhe einrichten, ein Meeting vorbereiten oder einfach fr\u00fcher mit der Erkundung von Montreuil beginnen m\u00f6chten.<\/p>\n<p>\u27a1\ufe0f Service nur am Tag Ihrer Anreise g\u00fcltig. Bitte geben Sie das gew\u00fcnschte Datum bei Ihrer Buchung an.<\/p>\n","protected":false},"excerpt":{"rendered":"<p>Sparen Sie Zeit und genie\u00dfen Sie Ihre Unterkunft ab 14 Uhr. Ideal, um Ihr Gep\u00e4ck abzustellen und Ihren Aufenthalt ohne Wartezeit zu beginnen.<\/p>\n","protected":false},"featured_media":115,"comment_status":"closed","ping_status":"closed","template":"","meta":{"_acf_changed":false},"product_brand":[],"product_cat":[57],"product_tag":[],"class_list":{"0":"post-1369","1":"product","2":"type-product","3":"status-publish","4":"has-post-thumbnail","6":"product_cat-komfort-des-aufenthalts","8":"first","9":"instock","10":"virtual","11":"sold-individually","12":"taxable","13":"purchasable","14":"product-type-simple"},"acf":[],"_links":{"self":[{"href":"https:\/\/location-montreuil.fr\/de\/wp-json\/wp\/v2\/product\/1369","targetHints":{"allow":["GET"]}}],"collection":[{"href":"https:\/\/location-montreuil.fr\/de\/wp-json\/wp\/v2\/product"}],"about":[{"href":"https:\/\/location-montreuil.fr\/de\/wp-json\/wp\/v2\/types\/product"}],"replies":[{"embeddable":true,"href":"https:\/\/location-montreuil.fr\/de\/wp-json\/wp\/v2\/comments?post=1369"}],"wp:featuredmedia":[{"embeddable":true,"href":"https:\/\/location-montreuil.fr\/de\/wp-json\/wp\/v2\/media\/115"}],"wp:attachment":[{"href":"https:\/\/location-montreuil.fr\/de\/wp-json\/wp\/v2\/media?parent=1369"}],"wp:term":[{"taxonomy":"product_brand","embeddable":true,"href":"https:\/\/location-montreuil.fr\/de\/wp-json\/wp\/v2\/product_brand?post=1369"},{"taxonomy":"product_cat","embeddable":true,"href":"https:\/\/location-montreuil.fr\/de\/wp-json\/wp\/v2\/product_cat?post=1369"},{"taxonomy":"product_tag","embeddable":true,"href":"https:\/\/location-montreuil.fr\/de\/wp-json\/wp\/v2\/product_tag?post=1369"}],"curies":[{"name":"wp","href":"https:\/\/api.w.org\/{rel}","templated":true}]}}