{"id":1059,"date":"2025-08-09T14:14:29","date_gmt":"2025-08-09T12:14:29","guid":{"rendered":"https:\/\/location-montreuil.fr\/carrito\/"},"modified":"2026-04-06T14:09:40","modified_gmt":"2026-04-06T12:09:40","slug":"carrito","status":"publish","type":"page","link":"https:\/\/location-montreuil.fr\/es\/carrito\/","title":{"rendered":"Carrito"},"content":{"rendered":"\n<div data-block-name=\"woocommerce\/cart\" class=\"wp-block-woocommerce-cart alignwide is-loading\">\n<div data-block-name=\"woocommerce\/filled-cart-block\" class=\"wp-block-woocommerce-filled-cart-block\">\n<div data-block-name=\"woocommerce\/cart-items-block\" class=\"wp-block-woocommerce-cart-items-block\">\n<div data-block-name=\"woocommerce\/cart-line-items-block\" class=\"wp-block-woocommerce-cart-line-items-block\"><\/div>\n\n\n<\/div>\n\n\n\n\n<div data-block-name=\"woocommerce\/cart-totals-block\" class=\"wp-block-woocommerce-cart-totals-block\">\n<div data-block-name=\"woocommerce\/cart-order-summary-block\" class=\"wp-block-woocommerce-cart-order-summary-block\">\n<div data-block-name=\"woocommerce\/cart-order-summary-heading-block\" class=\"wp-block-woocommerce-cart-order-summary-heading-block\"><\/div><div data-block-name=\"woocommerce\/cart-order-summary-coupon-form-block\" class=\"wp-block-woocommerce-cart-order-summary-coupon-form-block\"><\/div><div data-block-name=\"woocommerce\/cart-order-summary-totals-block\" class=\"wp-block-woocommerce-cart-order-summary-totals-block\">\n<div data-block-name=\"woocommerce\/cart-order-summary-subtotal-block\" class=\"wp-block-woocommerce-cart-order-summary-subtotal-block\"><\/div>\n<div data-block-name=\"woocommerce\/cart-order-summary-discount-block\" class=\"wp-block-woocommerce-cart-order-summary-discount-block\"><\/div>\n<div data-block-name=\"woocommerce\/cart-order-summary-fee-block\" class=\"wp-block-woocommerce-cart-order-summary-fee-block\"><\/div>\n<div data-block-name=\"woocommerce\/cart-order-summary-shipping-block\" class=\"wp-block-woocommerce-cart-order-summary-shipping-block\"><\/div>\n<div data-block-name=\"woocommerce\/cart-order-summary-taxes-block\" class=\"wp-block-woocommerce-cart-order-summary-taxes-block\"><\/div><\/div>\n<\/div>\n\n\n\n<div data-block-name=\"woocommerce-paypal-payments\/cart-paylater-messages\" data-pp-placement=\"cart\" data-pp-style-layout=\"text\" data-pp-style-logo-position=\"left\" data-pp-style-logo-type=\"inline\" data-pp-style-text-color=\"black\" data-pp-style-text-size=\"12\" id=\"ppcp-cart-paylater-messages\" class=\"ppcp-messages\" data-partner-attribution-id=\"Woo_PPCP\"><\/div><div data-block-name=\"woocommerce\/cart-express-payment-block\" class=\"wp-block-woocommerce-cart-express-payment-block\"><\/div>\n\n\n\n<div data-block-name=\"woocommerce\/proceed-to-checkout-block\" class=\"wp-block-woocommerce-proceed-to-checkout-block\"><\/div>\n\n\n\n<div data-block-name=\"woocommerce\/cart-accepted-payment-methods-block\" class=\"wp-block-woocommerce-cart-accepted-payment-methods-block\"><\/div>\n<\/div>\n<\/div>\n\n\n\n<div data-block-name=\"woocommerce\/empty-cart-block\" class=\"wp-block-woocommerce-empty-cart-block\">\n<h2 class=\"wp-block-heading has-text-align-center with-empty-cart-icon wc-block-cart__empty-cart__title\">\u00a1Tu carrito est\u00e1 actualmente vac\u00edo!<\/h2>\n\n\n\n<hr class=\"wp-block-separator has-alpha-channel-opacity is-style-dots\"\/>\n\n\n\n<h2 class=\"wp-block-heading has-text-align-center\">Nuevo en la tienda<\/h2>\n\n\n<div data-block-name=\"woocommerce\/product-new\" data-columns=\"4\" data-rows=\"1\" class=\"wc-block-grid wp-block-product-new wp-block-woocommerce-product-new wc-block-product-new has-4-columns\"><ul class=\"wc-block-grid__products\"><li class=\"wc-block-grid__product\">\n\t\t\t\t<a href=\"https:\/\/location-montreuil.fr\/es\/produit\/pack-romantico-elegancia-y-dulzura\/\" class=\"wc-block-grid__product-link\">\n\t\t\t\t\t\n\t\t\t\t\t<div class=\"wc-block-grid__product-image\"><img loading=\"lazy\" decoding=\"async\" width=\"300\" height=\"300\" src=\"https:\/\/location-montreuil.fr\/wp-content\/uploads\/2025\/11\/Pack-romantique-300x300.png\" class=\"attachment-woocommerce_thumbnail size-woocommerce_thumbnail\" alt=\"Pack Rom\u00e1ntico - Elegancia y Dulzura\" srcset=\"https:\/\/location-montreuil.fr\/wp-content\/uploads\/2025\/11\/Pack-romantique-300x300.png 300w, https:\/\/location-montreuil.fr\/wp-content\/uploads\/2025\/11\/Pack-romantique-150x150.png 150w, https:\/\/location-montreuil.fr\/wp-content\/uploads\/2025\/11\/Pack-romantique-100x100.png 100w\" sizes=\"auto, (max-width: 300px) 100vw, 300px\" \/><\/div>\n\t\t\t\t\t<div class=\"wc-block-grid__product-title\">Pack Rom\u00e1ntico &#8211; Elegancia y Dulzura<\/div>\n\t\t\t\t<\/a>\n\t\t\t\t<div class=\"wc-block-grid__product-price price\"><span class=\"woocommerce-Price-amount amount\">69,90&nbsp;<span class=\"woocommerce-Price-currencySymbol\">&euro;<\/span><\/span><\/div>\n\t\t\t\t\n\t\t\t\t<div class=\"wp-block-button wc-block-grid__product-add-to-cart\"><a href=\"\/es\/wp-json\/wp\/v2\/pages\/1059?add-to-cart=1343\" aria-label=\"A\u00f1adir al carrito: &ldquo;Pack Rom\u00e1ntico - Elegancia y Dulzura&rdquo;\" data-quantity=\"1\" data-product_id=\"1343\" data-product_sku=\"\" data-price=\"69.9\" rel=\"nofollow\" class=\"wp-block-button__link  add_to_cart_button ajax_add_to_cart\">A\u00f1adir al carrito<\/a><\/div>\n\t\t\t<\/li><li class=\"wc-block-grid__product\">\n\t\t\t\t<a href=\"https:\/\/location-montreuil.fr\/es\/produit\/mapa-de-los-parques-de-la-ciudad\/\" class=\"wc-block-grid__product-link\">\n\t\t\t\t\t\n\t\t\t\t\t<div class=\"wc-block-grid__product-image\"><img loading=\"lazy\" decoding=\"async\" width=\"300\" height=\"300\" src=\"https:\/\/location-montreuil.fr\/wp-content\/uploads\/woocommerce-placeholder-300x300.webp\" class=\"woocommerce-placeholder wp-post-image\" alt=\"\" srcset=\"https:\/\/location-montreuil.fr\/wp-content\/uploads\/woocommerce-placeholder-300x300.webp 300w, https:\/\/location-montreuil.fr\/wp-content\/uploads\/woocommerce-placeholder-100x100.webp 100w, https:\/\/location-montreuil.fr\/wp-content\/uploads\/woocommerce-placeholder-600x600.webp 600w, https:\/\/location-montreuil.fr\/wp-content\/uploads\/woocommerce-placeholder.webp 1200w\" sizes=\"auto, (max-width: 300px) 100vw, 300px\" \/><\/div>\n\t\t\t\t\t<div class=\"wc-block-grid__product-title\">Mapa de los parques de la ciudad<\/div>\n\t\t\t\t<\/a>\n\t\t\t\t<div class=\"wc-block-grid__product-price price\"><\/div>\n\t\t\t\t\n\t\t\t\t<div class=\"wp-block-button wc-block-grid__product-add-to-cart\"><a href=\"https:\/\/location-montreuil.fr\/es\/produit\/mapa-de-los-parques-de-la-ciudad\/\" aria-label=\"Lee m\u00e1s sobre &ldquo;Mapa de los parques de la ciudad&rdquo;\" data-quantity=\"1\" data-product_id=\"1350\" data-product_sku=\"\" data-price=\"0\" rel=\"nofollow\" class=\"wp-block-button__link  add_to_cart_button\">Leer m\u00e1s<\/a><\/div>\n\t\t\t<\/li><li class=\"wc-block-grid__product\">\n\t\t\t\t<a href=\"https:\/\/location-montreuil.fr\/es\/produit\/salida-tardia-tomese-su-tiempo-hasta-las-1200\/\" class=\"wc-block-grid__product-link\">\n\t\t\t\t\t\n\t\t\t\t\t<div class=\"wc-block-grid__product-image\"><img loading=\"lazy\" decoding=\"async\" width=\"300\" height=\"300\" src=\"https:\/\/location-montreuil.fr\/wp-content\/uploads\/2025\/08\/ChatGPT-Image-26-aout-2025-15_56_15-300x300.png\" class=\"attachment-woocommerce_thumbnail size-woocommerce_thumbnail\" alt=\"Salida tard\u00eda: t\u00f3mese su tiempo, \u00a1hasta las 12:00!\" srcset=\"https:\/\/location-montreuil.fr\/wp-content\/uploads\/2025\/08\/ChatGPT-Image-26-aout-2025-15_56_15-300x300.png 300w, https:\/\/location-montreuil.fr\/wp-content\/uploads\/2025\/08\/ChatGPT-Image-26-aout-2025-15_56_15-150x150.png 150w, https:\/\/location-montreuil.fr\/wp-content\/uploads\/2025\/08\/ChatGPT-Image-26-aout-2025-15_56_15-100x100.png 100w\" sizes=\"auto, (max-width: 300px) 100vw, 300px\" \/><\/div>\n\t\t\t\t\t<div class=\"wc-block-grid__product-title\">Salida tard\u00eda: t\u00f3mese su tiempo, \u00a1hasta las 12:00!<\/div>\n\t\t\t\t<\/a>\n\t\t\t\t<div class=\"wc-block-grid__product-price price\"><span class=\"woocommerce-Price-amount amount\">20,00&nbsp;<span class=\"woocommerce-Price-currencySymbol\">&euro;<\/span><\/span><\/div>\n\t\t\t\t\n\t\t\t\t<div class=\"wp-block-button wc-block-grid__product-add-to-cart\"><a href=\"\/es\/wp-json\/wp\/v2\/pages\/1059?add-to-cart=1355\" aria-label=\"A\u00f1adir al carrito: &ldquo;Salida tard\u00eda: t\u00f3mese su tiempo, \u00a1hasta las 12:00!&rdquo;\" data-quantity=\"1\" data-product_id=\"1355\" data-product_sku=\"\" data-price=\"20\" rel=\"nofollow\" class=\"wp-block-button__link  add_to_cart_button ajax_add_to_cart\">A\u00f1adir al carrito<\/a><\/div>\n\t\t\t<\/li><li class=\"wc-block-grid__product\">\n\t\t\t\t<a href=\"https:\/\/location-montreuil.fr\/es\/produit\/bonjour-ratp-su-companero-de-viaje-en-ile-de-france\/\" class=\"wc-block-grid__product-link\">\n\t\t\t\t\t\n\t\t\t\t\t<div class=\"wc-block-grid__product-image\"><img loading=\"lazy\" decoding=\"async\" width=\"300\" height=\"300\" src=\"https:\/\/location-montreuil.fr\/wp-content\/uploads\/2025\/08\/ChatGPT-Image-17-aout-2025-20_25_01-300x300.png\" class=\"attachment-woocommerce_thumbnail size-woocommerce_thumbnail\" alt=\"Bonjour RATP \u2013 Su compa\u00f1ero de viaje en \u00cele-de-France\" srcset=\"https:\/\/location-montreuil.fr\/wp-content\/uploads\/2025\/08\/ChatGPT-Image-17-aout-2025-20_25_01-300x300.png 300w, https:\/\/location-montreuil.fr\/wp-content\/uploads\/2025\/08\/ChatGPT-Image-17-aout-2025-20_25_01-150x150.png 150w, https:\/\/location-montreuil.fr\/wp-content\/uploads\/2025\/08\/ChatGPT-Image-17-aout-2025-20_25_01-768x768.png 768w, https:\/\/location-montreuil.fr\/wp-content\/uploads\/2025\/08\/ChatGPT-Image-17-aout-2025-20_25_01-600x600.png 600w, https:\/\/location-montreuil.fr\/wp-content\/uploads\/2025\/08\/ChatGPT-Image-17-aout-2025-20_25_01-100x100.png 100w, https:\/\/location-montreuil.fr\/wp-content\/uploads\/2025\/08\/ChatGPT-Image-17-aout-2025-20_25_01.png 1024w\" sizes=\"auto, (max-width: 300px) 100vw, 300px\" \/><\/div>\n\t\t\t\t\t<div class=\"wc-block-grid__product-title\">Bonjour RATP \u2013 Su compa\u00f1ero de viaje en \u00cele-de-France<\/div>\n\t\t\t\t<\/a>\n\t\t\t\t<div class=\"wc-block-grid__product-price price\"><\/div>\n\t\t\t\t\n\t\t\t\t<div class=\"wp-block-button wc-block-grid__product-add-to-cart\"><a href=\"https:\/\/location-montreuil.fr\/es\/produit\/bonjour-ratp-su-companero-de-viaje-en-ile-de-france\/\" aria-label=\"Lee m\u00e1s sobre &ldquo;Bonjour RATP \u2013 Su compa\u00f1ero de viaje en \u00cele-de-France&rdquo;\" data-quantity=\"1\" data-product_id=\"1363\" data-product_sku=\"\" data-price=\"0\" rel=\"nofollow\" class=\"wp-block-button__link  add_to_cart_button\">Leer m\u00e1s<\/a><\/div>\n\t\t\t<\/li><\/ul><\/div><\/div>\n<\/div>\n","protected":false},"excerpt":{"rendered":"","protected":false},"author":1,"featured_media":0,"parent":0,"menu_order":0,"comment_status":"closed","ping_status":"closed","template":"","meta":{"_acf_changed":false,"footnotes":""},"class_list":["post-1059","page","type-page","status-publish","hentry"],"acf":[],"_links":{"self":[{"href":"https:\/\/location-montreuil.fr\/es\/wp-json\/wp\/v2\/pages\/1059","targetHints":{"allow":["GET"]}}],"collection":[{"href":"https:\/\/location-montreuil.fr\/es\/wp-json\/wp\/v2\/pages"}],"about":[{"href":"https:\/\/location-montreuil.fr\/es\/wp-json\/wp\/v2\/types\/page"}],"author":[{"embeddable":true,"href":"https:\/\/location-montreuil.fr\/es\/wp-json\/wp\/v2\/users\/1"}],"replies":[{"embeddable":true,"href":"https:\/\/location-montreuil.fr\/es\/wp-json\/wp\/v2\/comments?post=1059"}],"version-history":[{"count":1,"href":"https:\/\/location-montreuil.fr\/es\/wp-json\/wp\/v2\/pages\/1059\/revisions"}],"predecessor-version":[{"id":1065,"href":"https:\/\/location-montreuil.fr\/es\/wp-json\/wp\/v2\/pages\/1059\/revisions\/1065"}],"wp:attachment":[{"href":"https:\/\/location-montreuil.fr\/es\/wp-json\/wp\/v2\/media?parent=1059"}],"curies":[{"name":"wp","href":"https:\/\/api.w.org\/{rel}","templated":true}]}}