{"id":1315,"date":"2025-06-22T19:24:59","date_gmt":"2025-06-22T17:24:59","guid":{"rendered":"https:\/\/location-montreuil.fr\/acerca-de\/"},"modified":"2026-04-06T14:22:29","modified_gmt":"2026-04-06T12:22:29","slug":"acerca-de","status":"publish","type":"page","link":"https:\/\/location-montreuil.fr\/es\/acerca-de\/","title":{"rendered":"Acerca de"},"content":{"rendered":"\n<p>Me apasiona Montreuil, sus barrios vibrantes, sus rincones secretos y su atm\u00f3sfera \u00fanica. Desde hace varios a\u00f1os, ofrezco all\u00ed alojamientos tur\u00edsticos amueblados, dise\u00f1ados para que se sienta inmediatamente como en casa.<\/p>\n\n<p>Cada apartamento est\u00e1 equipado con esmero, decorado con sencillez y situado en zonas pr\u00e1cticas para visitar, trabajar o descansar. Tanto si viene para un fin de semana, una semana o m\u00e1s, me aseguro de que todo est\u00e9 listo para una estancia agradable, aut\u00f3noma y sin sorpresas desagradables.<\/p>\n\n<p>Aqu\u00ed no hay anonimato: soy su interlocutor directo, in situ, disponible si lo necesita. \u00a1Bienvenido a Montreuil!<\/p>\n","protected":false},"excerpt":{"rendered":"<p>Me apasiona Montreuil, sus barrios vibrantes, sus rincones secretos y su atm\u00f3sfera \u00fanica. Desde hace varios a\u00f1os, ofrezco all\u00ed alojamientos tur\u00edsticos amueblados, dise\u00f1ados para que se sienta inmediatamente como en casa. Cada apartamento est\u00e1 equipado con esmero, decorado con sencillez y situado en zonas pr\u00e1cticas para visitar, trabajar o descansar. Tanto si viene para un<\/p>\n<div class=\"more-link\">\n             <a href=\"https:\/\/location-montreuil.fr\/es\/acerca-de\/\" class=\"theme-btn\"><span>Seguir leyendo <\/span><i class=\"bi bi-arrow-right\"><\/i><\/a>\n        <\/div>\n","protected":false},"author":1,"featured_media":0,"parent":0,"menu_order":0,"comment_status":"closed","ping_status":"closed","template":"","meta":{"_acf_changed":false,"footnotes":""},"class_list":["post-1315","page","type-page","status-publish","hentry"],"acf":[],"_links":{"self":[{"href":"https:\/\/location-montreuil.fr\/es\/wp-json\/wp\/v2\/pages\/1315","targetHints":{"allow":["GET"]}}],"collection":[{"href":"https:\/\/location-montreuil.fr\/es\/wp-json\/wp\/v2\/pages"}],"about":[{"href":"https:\/\/location-montreuil.fr\/es\/wp-json\/wp\/v2\/types\/page"}],"author":[{"embeddable":true,"href":"https:\/\/location-montreuil.fr\/es\/wp-json\/wp\/v2\/users\/1"}],"replies":[{"embeddable":true,"href":"https:\/\/location-montreuil.fr\/es\/wp-json\/wp\/v2\/comments?post=1315"}],"version-history":[{"count":1,"href":"https:\/\/location-montreuil.fr\/es\/wp-json\/wp\/v2\/pages\/1315\/revisions"}],"predecessor-version":[{"id":1316,"href":"https:\/\/location-montreuil.fr\/es\/wp-json\/wp\/v2\/pages\/1315\/revisions\/1316"}],"wp:attachment":[{"href":"https:\/\/location-montreuil.fr\/es\/wp-json\/wp\/v2\/media?parent=1315"}],"curies":[{"name":"wp","href":"https:\/\/api.w.org\/{rel}","templated":true}]}}