{"id":1329,"date":"2025-08-17T19:44:07","date_gmt":"2025-08-17T17:44:07","guid":{"rendered":"https:\/\/location-montreuil.fr\/produit\/pack-aperitivo-suave-sabores-sin-compromisos\/"},"modified":"2025-08-17T19:44:07","modified_gmt":"2025-08-17T17:44:07","slug":"pack-aperitivo-suave-sabores-sin-compromisos","status":"publish","type":"product","link":"https:\/\/location-montreuil.fr\/es\/produit\/pack-aperitivo-suave-sabores-sin-compromisos\/","title":{"rendered":"Pack Aperitivo Suave \u2013 Sabores sin compromisos"},"content":{"rendered":"<p data-start=\"367\" data-end=\"623\"><strong data-start=\"367\" data-end=\"404\">Un aperitivo gourmet y acogedor<\/strong>, sin alcohol y sin carne, para disfrutar desde su llegada o durante su estancia \ud83c\udfe1.<br data-start=\"490\" data-end=\"493\">Este pack est\u00e1 pensado para gustar tanto a adultos como a ni\u00f1os, con productos sencillos, sabrosos y f\u00e1ciles de compartir.<\/p>\n<p data-start=\"625\" data-end=\"651\">\ud83e\udd57 <strong data-start=\"628\" data-end=\"647\">Contenido del pack<\/strong>:<\/p>\n<ul data-start=\"652\" data-end=\"935\">\n<li data-start=\"652\" data-end=\"722\">\n<p data-start=\"654\" data-end=\"722\">\ud83e\udd64 1 botella de <strong data-start=\"672\" data-end=\"698\">zumo de manzana artesanal<\/strong> o <strong data-start=\"702\" data-end=\"720\">limonada ecol\u00f3gica<\/strong><\/p>\n<\/li>\n<li data-start=\"723\" data-end=\"799\">\n<p data-start=\"725\" data-end=\"799\">\ud83e\udd52 1 tarrina de <strong data-start=\"739\" data-end=\"765\">pat\u00e9 vegetariano<\/strong> (hummus o caviar de berenjena)<\/p>\n<\/li>\n<li data-start=\"800\" data-end=\"856\">\n<p data-start=\"802\" data-end=\"856\">\ud83e\udd68 1 paquete de <strong data-start=\"817\" data-end=\"835\">crackers salados<\/strong> o <strong data-start=\"839\" data-end=\"854\">mini tostadas<\/strong><\/p>\n<\/li>\n<li data-start=\"857\" data-end=\"900\">\n<p data-start=\"859\" data-end=\"900\">\ud83c\udf5f 1 bolsa de <strong data-start=\"874\" data-end=\"898\">patatas fritas crujientes<\/strong><\/p>\n<\/li>\n<li data-start=\"901\" data-end=\"935\">\n<p data-start=\"903\" data-end=\"935\">\ud83e\uded2 1 tarro de <strong data-start=\"916\" data-end=\"933\">aceitunas verdes<\/strong><\/p>\n<\/li>\n<\/ul>\n<p data-start=\"937\" data-end=\"972\">\ud83d\udc9a <strong data-start=\"940\" data-end=\"970\">\u00bfPor qu\u00e9 elegir este pack?<\/strong><\/p>\n<ul data-start=\"973\" data-end=\"1136\">\n<li data-start=\"973\" data-end=\"1012\">\n<p data-start=\"975\" data-end=\"1012\">100% <strong data-start=\"980\" data-end=\"1010\">sin alcohol y sin carne<\/strong><\/p>\n<\/li>\n<li data-start=\"1013\" data-end=\"1049\">\n<p data-start=\"1015\" data-end=\"1049\">Apto para <strong>ni\u00f1os<\/strong> \ud83d\udc68\u200d\ud83d\udc69\u200d\ud83d\udc67\u200d\ud83d\udc66<\/p>\n<\/li>\n<li data-start=\"1050\" data-end=\"1090\">\n<p data-start=\"1052\" data-end=\"1090\">Sencillo, <strong>sabroso<\/strong> y listo para <strong>degustar<\/strong><\/p>\n<\/li>\n<li data-start=\"1091\" data-end=\"1136\">\n<p data-start=\"1093\" data-end=\"1136\">Ideal para un aperitivo ligero y acogedor<\/p>\n<\/li>\n<\/ul>\n<p data-start=\"1138\" data-end=\"1218\">Un momento de<strong> relax asegurado,<\/strong> con sabores que re\u00fanen a todos \u2728.<\/p>\n<p data-start=\"1024\" data-end=\"1125\">\ud83d\udc49 Cantidad limitada \u2013 recuerde reservar <strong data-start=\"1064\" data-end=\"1091\">con al menos 24 h de antelaci\u00f3n<\/strong> para garantizar la disponibilidad.<\/p>\n<p data-start=\"1024\" data-end=\"1125\"><a href=\"https:\/\/wa.me\/33659597295?text=Bonjour,%20je%20souhaite%20une%20commande%20sp%C3%A9ciale\">Para una<strong> solicitud de \u00faltima hora<\/strong>, cont\u00e1ctenos por <strong>tel\u00e9fono\/WhatsApp<\/strong> antes de hacer el pedido haga clic aqu\u00ed<\/a><\/p>\n","protected":false},"excerpt":{"rendered":"<p>Un aperitivo gourmet y acogedor, sin alcohol y sin carne, para disfrutar desde su llegada o durante su estancia \ud83c\udfe1.Este pack est\u00e1 pensado para gustar tanto a adultos como a ni\u00f1os, con productos sencillos, sabrosos y f\u00e1ciles de compartir. \ud83e\udd57 Contenido del pack: \ud83e\udd64 1 botella de zumo de manzana artesanal o limonada ecol\u00f3gica \ud83e\udd52<\/p>\n<div class=\"more-link\">\n             <a href=\"https:\/\/location-montreuil.fr\/es\/produit\/pack-aperitivo-suave-sabores-sin-compromisos\/\" class=\"theme-btn\"><span>Seguir leyendo <\/span><i class=\"bi bi-arrow-right\"><\/i><\/a>\n        <\/div>\n","protected":false},"featured_media":131,"comment_status":"open","ping_status":"closed","template":"","meta":{"_acf_changed":false},"product_brand":[],"product_cat":[42],"product_tag":[],"class_list":{"0":"post-1329","1":"product","2":"type-product","3":"status-publish","4":"has-post-thumbnail","6":"product_cat-para-degustar","8":"first","9":"instock","10":"taxable","11":"shipping-taxable","12":"purchasable","13":"product-type-simple"},"acf":[],"_links":{"self":[{"href":"https:\/\/location-montreuil.fr\/es\/wp-json\/wp\/v2\/product\/1329","targetHints":{"allow":["GET"]}}],"collection":[{"href":"https:\/\/location-montreuil.fr\/es\/wp-json\/wp\/v2\/product"}],"about":[{"href":"https:\/\/location-montreuil.fr\/es\/wp-json\/wp\/v2\/types\/product"}],"replies":[{"embeddable":true,"href":"https:\/\/location-montreuil.fr\/es\/wp-json\/wp\/v2\/comments?post=1329"}],"wp:featuredmedia":[{"embeddable":true,"href":"https:\/\/location-montreuil.fr\/es\/wp-json\/wp\/v2\/media\/131"}],"wp:attachment":[{"href":"https:\/\/location-montreuil.fr\/es\/wp-json\/wp\/v2\/media?parent=1329"}],"wp:term":[{"taxonomy":"product_brand","embeddable":true,"href":"https:\/\/location-montreuil.fr\/es\/wp-json\/wp\/v2\/product_brand?post=1329"},{"taxonomy":"product_cat","embeddable":true,"href":"https:\/\/location-montreuil.fr\/es\/wp-json\/wp\/v2\/product_cat?post=1329"},{"taxonomy":"product_tag","embeddable":true,"href":"https:\/\/location-montreuil.fr\/es\/wp-json\/wp\/v2\/product_tag?post=1329"}],"curies":[{"name":"wp","href":"https:\/\/api.w.org\/{rel}","templated":true}]}}