{"id":1343,"date":"2025-11-11T18:51:24","date_gmt":"2025-11-11T17:51:24","guid":{"rendered":"https:\/\/location-montreuil.fr\/produit\/pack-romantico-elegancia-y-dulzura\/"},"modified":"2025-11-11T18:51:24","modified_gmt":"2025-11-11T17:51:24","slug":"pack-romantico-elegancia-y-dulzura","status":"publish","type":"product","link":"https:\/\/location-montreuil.fr\/es\/produit\/pack-romantico-elegancia-y-dulzura\/","title":{"rendered":"Pack Rom\u00e1ntico &#8211; Elegancia y Dulzura"},"content":{"rendered":"<p data-start=\"179\" data-end=\"369\">Un par\u00e9ntesis \u00edntimo y refinado para compartir en pareja \ud83d\udc9e<br data-start=\"234\" data-end=\"237\">Ideal para celebrar una ocasi\u00f3n, sorprender a su pareja o simplemente crear un momento c\u00e1lido y c\u00f3mplice durante su estancia.<\/p>\n<p data-start=\"371\" data-end=\"500\">\u2728 Este pack re\u00fane detalles sencillos pero memorables para crear un ambiente suave, acogedor y lleno de delicadeza.<\/p>\n<h3 data-start=\"507\" data-end=\"535\">\ud83d\udc9d <strong data-start=\"514\" data-end=\"535\">Contenido del pack:<\/strong><\/h3>\n<p data-start=\"537\" data-end=\"671\">\ud83c\udf7e 1 botella de <strong data-start=\"555\" data-end=\"573\">champagne brut<\/strong><br data-start=\"573\" data-end=\"576\">\ud83c\udf6b 1 <strong data-start=\"581\" data-end=\"610\">caja de bombones finos<\/strong><br data-start=\"610\" data-end=\"613\">\ud83d\udc86\u200d\u2640\ufe0f 1 <strong data-start=\"621\" data-end=\"654\">aceite de masaje de aroma ligero<\/strong> (formato relax)<\/p>\n<h3 data-start=\"678\" data-end=\"715\">\u2764\ufe0f <strong data-start=\"685\" data-end=\"715\">\u00bfPor qu\u00e9 elegir este pack?<\/strong><\/h3>\n<ul data-start=\"717\" data-end=\"942\">\n<li data-start=\"717\" data-end=\"773\">\n<p data-start=\"719\" data-end=\"773\">Transforma instant\u00e1neamente la velada en un momento \u00edntimo<\/p>\n<\/li>\n<li data-start=\"774\" data-end=\"810\">\n<p data-start=\"776\" data-end=\"810\">Sencillo, elegante y listo para disfrutar<\/p>\n<\/li>\n<li data-start=\"811\" data-end=\"855\">\n<p data-start=\"813\" data-end=\"855\">Crea una atm\u00f3sfera suave y acogedora<\/p>\n<\/li>\n<li data-start=\"856\" data-end=\"942\">\n<p data-start=\"858\" data-end=\"942\">Perfecto para una sorpresa, un aniversario, una petici\u00f3n o simplemente&#8230; por placer \u2728<\/p>\n<\/li>\n<\/ul>\n<p data-start=\"949\" data-end=\"1048\">\ud83d\udc49 <strong data-start=\"952\" data-end=\"972\">Cantidad limitada<\/strong> \u2013 se ruega reservar con al menos 24 h de antelaci\u00f3n para garantizar la disponibilidad.<\/p>\n","protected":false},"excerpt":{"rendered":"<p>Un par\u00e9ntesis \u00edntimo y refinado para compartir en pareja \ud83d\udc9eIdeal para celebrar una ocasi\u00f3n, sorprender a su pareja o simplemente crear un momento c\u00e1lido y c\u00f3mplice durante su estancia. \u2728 Este pack re\u00fane detalles sencillos pero memorables para crear un ambiente suave, acogedor y lleno de delicadeza. \ud83d\udc9d Contenido del pack: \ud83c\udf7e 1 botella de<\/p>\n<div class=\"more-link\">\n             <a href=\"https:\/\/location-montreuil.fr\/es\/produit\/pack-romantico-elegancia-y-dulzura\/\" class=\"theme-btn\"><span>Seguir leyendo <\/span><i class=\"bi bi-arrow-right\"><\/i><\/a>\n        <\/div>\n","protected":false},"featured_media":897,"comment_status":"open","ping_status":"closed","template":"","meta":{"_acf_changed":false},"product_brand":[],"product_cat":[42],"product_tag":[],"class_list":{"0":"post-1343","1":"product","2":"type-product","3":"status-publish","4":"has-post-thumbnail","6":"product_cat-para-degustar","8":"first","9":"instock","10":"taxable","11":"shipping-taxable","12":"purchasable","13":"product-type-simple"},"acf":[],"_links":{"self":[{"href":"https:\/\/location-montreuil.fr\/es\/wp-json\/wp\/v2\/product\/1343","targetHints":{"allow":["GET"]}}],"collection":[{"href":"https:\/\/location-montreuil.fr\/es\/wp-json\/wp\/v2\/product"}],"about":[{"href":"https:\/\/location-montreuil.fr\/es\/wp-json\/wp\/v2\/types\/product"}],"replies":[{"embeddable":true,"href":"https:\/\/location-montreuil.fr\/es\/wp-json\/wp\/v2\/comments?post=1343"}],"wp:featuredmedia":[{"embeddable":true,"href":"https:\/\/location-montreuil.fr\/es\/wp-json\/wp\/v2\/media\/897"}],"wp:attachment":[{"href":"https:\/\/location-montreuil.fr\/es\/wp-json\/wp\/v2\/media?parent=1343"}],"wp:term":[{"taxonomy":"product_brand","embeddable":true,"href":"https:\/\/location-montreuil.fr\/es\/wp-json\/wp\/v2\/product_brand?post=1343"},{"taxonomy":"product_cat","embeddable":true,"href":"https:\/\/location-montreuil.fr\/es\/wp-json\/wp\/v2\/product_cat?post=1343"},{"taxonomy":"product_tag","embeddable":true,"href":"https:\/\/location-montreuil.fr\/es\/wp-json\/wp\/v2\/product_tag?post=1343"}],"curies":[{"name":"wp","href":"https:\/\/api.w.org\/{rel}","templated":true}]}}