{"id":1363,"date":"2025-08-17T20:29:24","date_gmt":"2025-08-17T18:29:24","guid":{"rendered":"https:\/\/location-montreuil.fr\/produit\/bonjour-ratp-su-companero-de-viaje-en-ile-de-france\/"},"modified":"2025-08-17T20:29:24","modified_gmt":"2025-08-17T18:29:24","slug":"bonjour-ratp-su-companero-de-viaje-en-ile-de-france","status":"publish","type":"product","link":"https:\/\/location-montreuil.fr\/es\/produit\/bonjour-ratp-su-companero-de-viaje-en-ile-de-france\/","title":{"rendered":"Bonjour RATP \u2013 Su compa\u00f1ero de viaje en \u00cele-de-France"},"content":{"rendered":"<p data-start=\"413\" data-end=\"644\">Con <strong data-start=\"418\" data-end=\"434\">Bonjour RATP<\/strong>, viajar por Par\u00eds y en \u00cele-de-France se convierte en un juego de ni\u00f1os \u2728.<br data-start=\"498\" data-end=\"501\">Simplemente introduzca <strong data-start=\"522\" data-end=\"565\">una direcci\u00f3n, un monumento o una estaci\u00f3n<\/strong>, y la aplicaci\u00f3n le ofrecer\u00e1 inmediatamente todas las rutas posibles.<\/p>\n<p data-start=\"646\" data-end=\"676\">\u2b50 <strong data-start=\"648\" data-end=\"674\">\u00bfPor qu\u00e9 instalarla?<\/strong><\/p>\n<p data-start=\"679\" data-end=\"748\">\ud83d\udd0e B\u00fasqueda por <strong data-start=\"696\" data-end=\"715\">direcci\u00f3n o lugar<\/strong> (pr\u00e1ctico para turistas).<br \/>\n\ud83d\ude87 Informaci\u00f3n en tiempo real sobre metro, RER, autob\u00fas y tranv\u00eda.<br \/>\n\ud83d\udea6 Alertas de tr\u00e1fico y propuestas de alternativas en caso de interrupciones.<br \/>\n\ud83d\udc4c Interfaz clara e <strong>intuitiva, en franc\u00e9s e ingl\u00e9s.<\/strong><\/p>\n<p data-start=\"962\" data-end=\"1011\">\u27a1\ufe0f <strong data-start=\"965\" data-end=\"1009\">Descargue la aplicaci\u00f3n gratuitamente:<\/strong><\/p>\n<ul data-start=\"1012\" data-end=\"1256\">\n<li data-start=\"1012\" data-end=\"1122\">\n<p data-start=\"1014\" data-end=\"1122\">\ud83d\udcf1 <a class=\"\" href=\"https:\/\/apps.apple.com\/us\/app\/bonjour-ratp\/id507107090?utm_source=chatgpt.com\" target=\"_new\" rel=\"noopener\" data-start=\"1017\" data-end=\"1120\"><strong data-start=\"1018\" data-end=\"1040\">iPhone (App Store)<\/strong><\/a><\/p>\n<\/li>\n<li data-start=\"1123\" data-end=\"1256\">\n<p data-start=\"1125\" data-end=\"1256\">\ud83e\udd16 <a class=\"\" href=\"https:\/\/play.google.com\/store\/apps\/details?hl=en_US&amp;id=com.fabernovel.ratp&amp;utm_source=chatgpt.com\" target=\"_new\" rel=\"noopener\" data-start=\"1128\" data-end=\"1254\"><strong data-start=\"1129\" data-end=\"1154\">Android (Google Play)<\/strong><\/a><\/p>\n<\/li>\n<\/ul>\n<p data-start=\"1258\" data-end=\"1368\">\ud83d\udca1 Ideal para sus <strong data-start=\"1276\" data-end=\"1308\">estancias en Par\u00eds y Montreuil<\/strong>: gane tiempo y disfrute de sus visitas sin estr\u00e9s.<\/p>\n","protected":false},"excerpt":{"rendered":"<p>\ud83d\udcf1 <strong data-start=\"214\" data-end=\"265\">La aplicaci\u00f3n esencial para sus desplazamientos<\/strong> en \u00cele-de-France: encuentre la mejor ruta en metro \ud83d\ude87, autob\u00fas \ud83d\ude8c, RER \ud83d\ude86 o tranv\u00eda \ud83d\ude8a en unos pocos clics.<\/p>\n","protected":false},"featured_media":134,"comment_status":"open","ping_status":"closed","template":"","meta":{"_acf_changed":false},"product_brand":[],"product_cat":[50],"product_tag":[],"class_list":{"0":"post-1363","1":"product","2":"type-product","3":"status-publish","4":"has-post-thumbnail","6":"product_cat-guia-practica","8":"first","9":"instock","10":"taxable","11":"shipping-taxable","12":"product-type-simple"},"acf":[],"_links":{"self":[{"href":"https:\/\/location-montreuil.fr\/es\/wp-json\/wp\/v2\/product\/1363","targetHints":{"allow":["GET"]}}],"collection":[{"href":"https:\/\/location-montreuil.fr\/es\/wp-json\/wp\/v2\/product"}],"about":[{"href":"https:\/\/location-montreuil.fr\/es\/wp-json\/wp\/v2\/types\/product"}],"replies":[{"embeddable":true,"href":"https:\/\/location-montreuil.fr\/es\/wp-json\/wp\/v2\/comments?post=1363"}],"wp:featuredmedia":[{"embeddable":true,"href":"https:\/\/location-montreuil.fr\/es\/wp-json\/wp\/v2\/media\/134"}],"wp:attachment":[{"href":"https:\/\/location-montreuil.fr\/es\/wp-json\/wp\/v2\/media?parent=1363"}],"wp:term":[{"taxonomy":"product_brand","embeddable":true,"href":"https:\/\/location-montreuil.fr\/es\/wp-json\/wp\/v2\/product_brand?post=1363"},{"taxonomy":"product_cat","embeddable":true,"href":"https:\/\/location-montreuil.fr\/es\/wp-json\/wp\/v2\/product_cat?post=1363"},{"taxonomy":"product_tag","embeddable":true,"href":"https:\/\/location-montreuil.fr\/es\/wp-json\/wp\/v2\/product_tag?post=1363"}],"curies":[{"name":"wp","href":"https:\/\/api.w.org\/{rel}","templated":true}]}}