{"id":1365,"date":"2025-08-17T18:04:53","date_gmt":"2025-08-17T16:04:53","guid":{"rendered":"https:\/\/location-montreuil.fr\/produit\/pack-apero-frances-relax-a-la-francesa\/"},"modified":"2025-08-17T18:04:53","modified_gmt":"2025-08-17T16:04:53","slug":"pack-apero-frances-relax-a-la-francesa","status":"publish","type":"product","link":"https:\/\/location-montreuil.fr\/es\/produit\/pack-apero-frances-relax-a-la-francesa\/","title":{"rendered":"Pack Ap\u00e9ro Franc\u00e9s \u2013 Relax a la francesa"},"content":{"rendered":"<p>Disfrute de un momento de convivencia y sabor con nuestro <strong data-start=\"437\" data-end=\"460\">Pack Ap\u00e9ro Franc\u00e9s<\/strong>.<br data-start=\"461\" data-end=\"464\">Ideal para comenzar su estancia o compartir un rato de relax, este pack re\u00fane los esenciales de un aperitivo t\u00edpicamente franc\u00e9s:<\/p>\n<ul>\n<li>\ud83c\udf77 <strong data-start=\"608\" data-end=\"645\">1 botella de Baron de Lestac<\/strong> \u2013 vino tinto de Burdeos<\/li>\n<li>\ud83e\udd56 <strong data-start=\"677\" data-end=\"709\">1 salchich\u00f3n tradicional<\/strong><\/li>\n<li>\ud83c\udf5f <strong data-start=\"717\" data-end=\"753\">1 bolsa de patatas fritas crujientes<\/strong><\/li>\n<li>\ud83e\uddc0 <strong data-start=\"761\" data-end=\"798\">1 paquete de TUC o crackers salados<\/strong><\/li>\n<\/ul>\n<p data-start=\"802\" data-end=\"1022\">Disponible directamente <strong data-start=\"825\" data-end=\"857\">a su llegada al alojamiento<\/strong> o entregado <strong data-start=\"867\" data-end=\"900\">bajo petici\u00f3n durante la estancia<\/strong>, este pack le permite saborear la sencillez y autenticidad de un aperitivo franc\u00e9s sin tener que desplazarse.<\/p>\n<p data-start=\"802\" data-end=\"1022\">\ud83d\udc49 Cantidad limitada \u2013 recuerde reservar <strong data-start=\"1064\" data-end=\"1091\">con al menos 24 h de antelaci\u00f3n<\/strong> para garantizar la disponibilidad.<\/p>\n<p data-start=\"1024\" data-end=\"1125\"><a href=\"https:\/\/wa.me\/33659597295?text=Bonjour,%20je%20souhaite%20une%20commande%20sp%C3%A9ciale\">Para una <strong>solicitud de \u00faltima hora<\/strong>, contacte con nosotros por <strong>tel\u00e9fono\/WhatsApp<\/strong> antes de realizar el pedido<\/a><\/p>\n","protected":false},"excerpt":{"rendered":"<p>Pack Ap\u00e9ro Franc\u00e9s \u2013 Una botella de Burdeos, salchich\u00f3n, patatas fritas y crackers salados. El placer sencillo y aut\u00e9ntico del aperitivo franc\u00e9s, listo para disfrutar a su llegada. <\/p>\n","protected":false},"featured_media":126,"comment_status":"open","ping_status":"closed","template":"","meta":{"_acf_changed":false},"product_brand":[],"product_cat":[42],"product_tag":[],"class_list":{"0":"post-1365","1":"product","2":"type-product","3":"status-publish","4":"has-post-thumbnail","6":"product_cat-para-degustar","8":"first","9":"instock","10":"taxable","11":"shipping-taxable","12":"purchasable","13":"product-type-simple"},"acf":[],"_links":{"self":[{"href":"https:\/\/location-montreuil.fr\/es\/wp-json\/wp\/v2\/product\/1365","targetHints":{"allow":["GET"]}}],"collection":[{"href":"https:\/\/location-montreuil.fr\/es\/wp-json\/wp\/v2\/product"}],"about":[{"href":"https:\/\/location-montreuil.fr\/es\/wp-json\/wp\/v2\/types\/product"}],"replies":[{"embeddable":true,"href":"https:\/\/location-montreuil.fr\/es\/wp-json\/wp\/v2\/comments?post=1365"}],"wp:featuredmedia":[{"embeddable":true,"href":"https:\/\/location-montreuil.fr\/es\/wp-json\/wp\/v2\/media\/126"}],"wp:attachment":[{"href":"https:\/\/location-montreuil.fr\/es\/wp-json\/wp\/v2\/media?parent=1365"}],"wp:term":[{"taxonomy":"product_brand","embeddable":true,"href":"https:\/\/location-montreuil.fr\/es\/wp-json\/wp\/v2\/product_brand?post=1365"},{"taxonomy":"product_cat","embeddable":true,"href":"https:\/\/location-montreuil.fr\/es\/wp-json\/wp\/v2\/product_cat?post=1365"},{"taxonomy":"product_tag","embeddable":true,"href":"https:\/\/location-montreuil.fr\/es\/wp-json\/wp\/v2\/product_tag?post=1365"}],"curies":[{"name":"wp","href":"https:\/\/api.w.org\/{rel}","templated":true}]}}